{"id":6,"date":"2019-03-04T14:21:05","date_gmt":"2019-03-04T13:21:05","guid":{"rendered":"http:\/\/taxi-13.com\/?page_id=6"},"modified":"2024-04-08T13:00:02","modified_gmt":"2024-04-08T11:00:02","slug":"legal-notices","status":"publish","type":"page","link":"https:\/\/taxi-13.com\/en\/mentions-legales\/","title":{"rendered":"Legal Notices"},"content":{"rendered":"<div data-elementor-type=\"wp-post\" data-elementor-id=\"6\" class=\"elementor elementor-6\" data-elementor-post-type=\"page\">\n\t\t\t\t\t\t<section class=\"elementor-section elementor-top-section elementor-element elementor-element-67e8ba5f elementor-section-boxed elementor-section-height-default elementor-section-height-default\" data-id=\"67e8ba5f\" data-element_type=\"section\" data-e-type=\"section\">\n\t\t\t\t\t\t<div class=\"elementor-container elementor-column-gap-default\">\n\t\t\t\t\t<div class=\"elementor-column elementor-col-100 elementor-top-column elementor-element elementor-element-5ec537e\" data-id=\"5ec537e\" data-element_type=\"column\" data-e-type=\"column\">\n\t\t\t<div class=\"elementor-widget-wrap elementor-element-populated\">\n\t\t\t\t\t\t<div class=\"elementor-element elementor-element-291a2eff elementor-widget elementor-widget-text-editor\" data-id=\"291a2eff\" data-element_type=\"widget\" data-e-type=\"widget\" data-widget_type=\"text-editor.default\">\n\t\t\t\t<div class=\"elementor-widget-container\">\n\t\t\t\t\t\t\t\t\t<p><strong>The website taxi-13.com<\/strong><strong> is published by:<\/strong><\/p><p>WebAudit France<br \/>6 avenue Jean Jaur\u00e8s, 73000 Chamb\u00e9ry<br \/>Limited liability company with a capital of \u20ac600<br \/>RCS Chamb\u00e9ry 823 628 698<br \/>contact(@)webaudit.fr<\/p><p><strong>The website taxi-13.com is published for:<\/strong><\/p><p>Company name: Centrale Taxi 13<br \/>Trade name: Centrale Taxi 13<br \/>Address: Lot Dorothee Parc 2, 4 Chemin des Eguilles, 13700 Marignane<br \/>Telephone: 06 64 33 80 93<br \/>Publication Directors: MEDDOUR MOHAMED<br \/>SIRET: 49517145600058<br \/>Parking location: Marseille<\/p><p>Your taxi company&#039;s website in Bouches-du-Rh\u00f4ne was created by the Webaudit France team, specialists in website development. <a href=\"https:\/\/www.webaudit.fr\/taxi\">website for taxi drivers<\/a> with natural referencing.<\/p><p>Find out more on <a href=\"https:\/\/annuaire-taxi-france.fr\/\">annuaire-taxi-france.fr<\/a> all of <a href=\"https:\/\/annuaire-taxi-france.fr\/taxi-13-bouches-du-rhone-marseille\/\">Taxi companies in Bouches-du-Rh\u00f4ne (13)<\/a><\/p><p><b>Hosting provider:<\/b><\/p><p>Infomaniak Network SA<br \/>25 Rue Eug\u00e8ne Marziano<br \/>1227 Les Acacias (GE)<br \/>Geneva Canton Commercial Register: CH-660.0.059.996-1<br \/>IDE number: CHE-103.167.648<br \/>VAT number: CHE-103.167.648<\/p><p><b>GDPR Regulations, Data Protection and Use of Cookies:<\/b><\/p><p>In accordance with the requirements of the General Data Protection Regulation (GDPR), we are committed to transparency and the protection of your personal data. For a clear understanding of how we collect, use, and protect your data, as well as our use of cookies to improve your experience on our website, please consult our <a href=\"#gdpr_cookie_modal\"><u>GDPR and Cookies Information Center<\/u><\/a>.<\/p><p>By clicking on this link, you will have access to our Privacy Statement and our Cookie Policy detailing our data protection and cookie usage practices, as well as your rights and choices regarding this information.<\/p><p><strong>Intellectual property<\/strong><\/p><p>All content on this site including, but not limited to, graphics, images, texts, videos, animations, sounds, logos, gifs and icons as well as their formatting are the exclusive property of WEBAUDIT FRANCE SARL with the exception of trademarks, logos or content belonging to other partner companies or authors.<br \/>Any reproduction, distribution, modification, adaptation, retransmission, or publication, even partial, of these elements is strictly prohibited without the express written consent of WEBAUDIT FRANCE SARL. Such representation or reproduction, by any means whatsoever, constitutes copyright infringement punishable under Articles L.335-2 et seq. of the French Intellectual Property Code. Failure to comply with this prohibition constitutes copyright infringement and may result in civil and criminal penalties. Furthermore, the owners of the copied content may take legal action against them.<\/p>\t\t\t\t\t\t\t\t<\/div>\n\t\t\t\t<\/div>\n\t\t\t\t\t<\/div>\n\t\t<\/div>\n\t\t\t\t\t<\/div>\n\t\t<\/section>\n\t\t\t\t<\/div>","protected":false},"excerpt":{"rendered":"<p>Le site taxi-13.com est \u00e9dit\u00e9 par : WebAudit France6 avenue Jean Jaur\u00e8s, 73000 Chamb\u00e9rySARL au capital de 600\u20acRCS Chamb\u00e9ry 823 628 698contact(@)webaudit.fr Le site taxi-13.com est \u00e9dit\u00e9 pour : Raison sociale : Centrale Taxi 13Nom commercial : Centrale Taxi 13Adresse : Lot Dorothee Parc 2, 4 Chemin des Eguilles, 13700 MarignaneT\u00e9l\u00e9phone : 06 64 33 [&hellip;]<\/p>\n","protected":false},"author":2,"featured_media":0,"parent":0,"menu_order":0,"comment_status":"closed","ping_status":"closed","template":"elementor_header_footer","meta":{"footnotes":""},"class_list":["post-6","page","type-page","status-publish","hentry"],"yoast_head":"<!-- This site is optimized with the Yoast SEO plugin v27.2 - https:\/\/yoast.com\/product\/yoast-seo-wordpress\/ -->\n<title>Mentions L\u00e9gales - Centrale Taxi 13 - Bouches-du-Rh\u00f4ne &amp; A\u00e9roport Marseille<\/title>\n<meta name=\"robots\" content=\"index, follow, max-snippet:-1, max-image-preview:large, max-video-preview:-1\" \/>\n<link rel=\"canonical\" href=\"https:\/\/taxi-13.com\/en\/legal-notices\/\" \/>\n<meta name=\"twitter:label1\" content=\"Est. reading time\" \/>\n\t<meta name=\"twitter:data1\" content=\"3 minutes\" \/>\n<script type=\"application\/ld+json\" class=\"yoast-schema-graph\">{\"@context\":\"https:\/\/schema.org\",\"@graph\":[{\"@type\":\"WebPage\",\"@id\":\"https:\/\/taxi-13.com\/mentions-legales\/\",\"url\":\"https:\/\/taxi-13.com\/mentions-legales\/\",\"name\":\"Mentions L\u00e9gales - Centrale Taxi 13 - Bouches-du-Rh\u00f4ne &amp; A\u00e9roport Marseille\",\"isPartOf\":{\"@id\":\"https:\/\/taxi-13.com\/#website\"},\"datePublished\":\"2019-03-04T13:21:05+00:00\",\"dateModified\":\"2024-04-08T11:00:02+00:00\",\"breadcrumb\":{\"@id\":\"https:\/\/taxi-13.com\/mentions-legales\/#breadcrumb\"},\"inLanguage\":\"en-US\",\"potentialAction\":[{\"@type\":\"ReadAction\",\"target\":[\"https:\/\/taxi-13.com\/mentions-legales\/\"]}]},{\"@type\":\"BreadcrumbList\",\"@id\":\"https:\/\/taxi-13.com\/mentions-legales\/#breadcrumb\",\"itemListElement\":[{\"@type\":\"ListItem\",\"position\":1,\"name\":\"Accueil\",\"item\":\"https:\/\/taxi-13.com\/\"},{\"@type\":\"ListItem\",\"position\":2,\"name\":\"Mentions L\u00e9gales\"}]},{\"@type\":\"WebSite\",\"@id\":\"https:\/\/taxi-13.com\/#website\",\"url\":\"https:\/\/taxi-13.com\/\",\"name\":\"Centrale Taxi 13\",\"description\":\"Compagnie de Taxi \u00e0 Vitrolles et Marignane conventionn\u00e9 &amp; VSL\",\"publisher\":{\"@id\":\"https:\/\/taxi-13.com\/#organization\"},\"potentialAction\":[{\"@type\":\"SearchAction\",\"target\":{\"@type\":\"EntryPoint\",\"urlTemplate\":\"https:\/\/taxi-13.com\/?s={search_term_string}\"},\"query-input\":{\"@type\":\"PropertyValueSpecification\",\"valueRequired\":true,\"valueName\":\"search_term_string\"}}],\"inLanguage\":\"en-US\"},{\"@type\":\"Organization\",\"@id\":\"https:\/\/taxi-13.com\/#organization\",\"name\":\"Centrale Taxi 13\",\"url\":\"https:\/\/taxi-13.com\/\",\"logo\":{\"@type\":\"ImageObject\",\"inLanguage\":\"en-US\",\"@id\":\"https:\/\/taxi-13.com\/#\/schema\/logo\/image\/\",\"url\":\"https:\/\/taxi-13.com\/wp-content\/uploads\/2020\/11\/Logo-Taxi-13.png\",\"contentUrl\":\"https:\/\/taxi-13.com\/wp-content\/uploads\/2020\/11\/Logo-Taxi-13.png\",\"width\":304,\"height\":66,\"caption\":\"Centrale Taxi 13\"},\"image\":{\"@id\":\"https:\/\/taxi-13.com\/#\/schema\/logo\/image\/\"}}]}<\/script>\n<!-- \/ Yoast SEO plugin. -->","yoast_head_json":{"title":"Legal Notice - Taxi dispatch center 13 - Bouches-du-Rh\u00f4ne &amp; Marseille Airport","robots":{"index":"index","follow":"follow","max-snippet":"max-snippet:-1","max-image-preview":"max-image-preview:large","max-video-preview":"max-video-preview:-1"},"canonical":"https:\/\/taxi-13.com\/en\/legal-notices\/","twitter_misc":{"Est. reading time":"3 minutes"},"schema":{"@context":"https:\/\/schema.org","@graph":[{"@type":"WebPage","@id":"https:\/\/taxi-13.com\/mentions-legales\/","url":"https:\/\/taxi-13.com\/mentions-legales\/","name":"Legal Notice - Taxi dispatch center 13 - Bouches-du-Rh\u00f4ne &amp; Marseille Airport","isPartOf":{"@id":"https:\/\/taxi-13.com\/#website"},"datePublished":"2019-03-04T13:21:05+00:00","dateModified":"2024-04-08T11:00:02+00:00","breadcrumb":{"@id":"https:\/\/taxi-13.com\/mentions-legales\/#breadcrumb"},"inLanguage":"en-US","potentialAction":[{"@type":"ReadAction","target":["https:\/\/taxi-13.com\/mentions-legales\/"]}]},{"@type":"BreadcrumbList","@id":"https:\/\/taxi-13.com\/mentions-legales\/#breadcrumb","itemListElement":[{"@type":"ListItem","position":1,"name":"Accueil","item":"https:\/\/taxi-13.com\/"},{"@type":"ListItem","position":2,"name":"Mentions L\u00e9gales"}]},{"@type":"WebSite","@id":"https:\/\/taxi-13.com\/#website","url":"https:\/\/taxi-13.com\/","name":"Taxi Central 13","description":"Taxi company in Vitrolles and Marignane, contracted &amp; VSL","publisher":{"@id":"https:\/\/taxi-13.com\/#organization"},"potentialAction":[{"@type":"SearchAction","target":{"@type":"EntryPoint","urlTemplate":"https:\/\/taxi-13.com\/?s={search_term_string}"},"query-input":{"@type":"PropertyValueSpecification","valueRequired":true,"valueName":"search_term_string"}}],"inLanguage":"en-US"},{"@type":"Organization","@id":"https:\/\/taxi-13.com\/#organization","name":"Taxi Central 13","url":"https:\/\/taxi-13.com\/","logo":{"@type":"ImageObject","inLanguage":"en-US","@id":"https:\/\/taxi-13.com\/#\/schema\/logo\/image\/","url":"https:\/\/taxi-13.com\/wp-content\/uploads\/2020\/11\/Logo-Taxi-13.png","contentUrl":"https:\/\/taxi-13.com\/wp-content\/uploads\/2020\/11\/Logo-Taxi-13.png","width":304,"height":66,"caption":"Centrale Taxi 13"},"image":{"@id":"https:\/\/taxi-13.com\/#\/schema\/logo\/image\/"}}]}},"_links":{"self":[{"href":"https:\/\/taxi-13.com\/en\/wp-json\/wp\/v2\/pages\/6","targetHints":{"allow":["GET"]}}],"collection":[{"href":"https:\/\/taxi-13.com\/en\/wp-json\/wp\/v2\/pages"}],"about":[{"href":"https:\/\/taxi-13.com\/en\/wp-json\/wp\/v2\/types\/page"}],"author":[{"embeddable":true,"href":"https:\/\/taxi-13.com\/en\/wp-json\/wp\/v2\/users\/2"}],"replies":[{"embeddable":true,"href":"https:\/\/taxi-13.com\/en\/wp-json\/wp\/v2\/comments?post=6"}],"version-history":[{"count":0,"href":"https:\/\/taxi-13.com\/en\/wp-json\/wp\/v2\/pages\/6\/revisions"}],"wp:attachment":[{"href":"https:\/\/taxi-13.com\/en\/wp-json\/wp\/v2\/media?parent=6"}],"curies":[{"name":"wp","href":"https:\/\/api.w.org\/{rel}","templated":true}]}}